{"id":299,"date":"2025-06-17T09:13:51","date_gmt":"2025-06-17T09:13:51","guid":{"rendered":"https:\/\/winnerzbets.com\/?page_id=299"},"modified":"2025-06-17T09:33:35","modified_gmt":"2025-06-17T09:33:35","slug":"kontakte","status":"publish","type":"page","link":"https:\/\/winnerzbets.com\/da\/kontakte\/","title":{"rendered":"Kontakte"},"content":{"rendered":"<div class=\"wp-block-uagb-container uagb-block-294286cc alignwide uagb-is-root-container\">\n<h1 class=\"wp-block-heading\">Kontakt os<\/h1>\n\n\n\n<p class=\"has-ast-global-color-3-color has-text-color has-link-color wp-elements-a337b1f7e98592f9d2fbdf0cc0c3747b\">Betwise Insight er ikke bare en hjemmeside \u2013 det er et f\u00e6llesskab af nysgerrige, informerede og spilleglade spillere, der \u00f8nsker at tr\u00e6ffe smartere valg. Og vi er her for at hj\u00e6lpe hvert skridt p\u00e5 vejen med \u00e6rlig r\u00e5dgivning og reel support. Har du et sp\u00f8rgsm\u00e5l om et casino? Har du set noget, vi b\u00f8r opdatere? Vil du anbefale en ny platform, vi b\u00f8r pr\u00f8ve? Vi vil meget gerne h\u00f8re fra dig. Din feedback hj\u00e6lper os med at holde tingene realistiske, relevante og nyttige for alle spillere. Vi er ikke bare her for at anmelde \u2013 vi er her for at lytte.<br><br>Sp\u00f8rgsm\u00e5l, kommentarer, id\u00e9er \u2013 kom med dem. Vi lytter gerne! Kontakt os n\u00e5r som helst p\u00e5: <a>hello@winnerzbets.com<\/a><\/p>\n<\/div>\n\n\n\n<p><\/p>","protected":false},"excerpt":{"rendered":"<p>Contact Us Betwise Insight isn\u2019t just a website &#8211; it\u2019s a community of curious, informed, and game-loving players who want [&hellip;]<\/p>\n","protected":false},"author":2,"featured_media":0,"parent":0,"menu_order":0,"comment_status":"closed","ping_status":"closed","template":"","meta":{"_uag_custom_page_level_css":"","site-sidebar-layout":"default","site-content-layout":"","ast-site-content-layout":"default","site-content-style":"default","site-sidebar-style":"default","ast-global-header-display":"","ast-banner-title-visibility":"","ast-main-header-display":"","ast-hfb-above-header-display":"","ast-hfb-below-header-display":"","ast-hfb-mobile-header-display":"","site-post-title":"","ast-breadcrumbs-content":"","ast-featured-img":"","footer-sml-layout":"","theme-transparent-header-meta":"","adv-header-id-meta":"","stick-header-meta":"","header-above-stick-meta":"","header-main-stick-meta":"","header-below-stick-meta":"","astra-migrate-meta-layouts":"default","ast-page-background-enabled":"default","ast-page-background-meta":{"desktop":{"background-color":"var(--ast-global-color-5)","background-image":"","background-repeat":"repeat","background-position":"center center","background-size":"auto","background-attachment":"scroll","background-type":"","background-media":"","overlay-type":"","overlay-color":"","overlay-opacity":"","overlay-gradient":""},"tablet":{"background-color":"","background-image":"","background-repeat":"repeat","background-position":"center center","background-size":"auto","background-attachment":"scroll","background-type":"","background-media":"","overlay-type":"","overlay-color":"","overlay-opacity":"","overlay-gradient":""},"mobile":{"background-color":"","background-image":"","background-repeat":"repeat","background-position":"center center","background-size":"auto","background-attachment":"scroll","background-type":"","background-media":"","overlay-type":"","overlay-color":"","overlay-opacity":"","overlay-gradient":""}},"ast-content-background-meta":{"desktop":{"background-color":"var(--ast-global-color-4)","background-image":"","background-repeat":"repeat","background-position":"center center","background-size":"auto","background-attachment":"scroll","background-type":"","background-media":"","overlay-type":"","overlay-color":"","overlay-opacity":"","overlay-gradient":""},"tablet":{"background-color":"var(--ast-global-color-4)","background-image":"","background-repeat":"repeat","background-position":"center center","background-size":"auto","background-attachment":"scroll","background-type":"","background-media":"","overlay-type":"","overlay-color":"","overlay-opacity":"","overlay-gradient":""},"mobile":{"background-color":"var(--ast-global-color-4)","background-image":"","background-repeat":"repeat","background-position":"center center","background-size":"auto","background-attachment":"scroll","background-type":"","background-media":"","overlay-type":"","overlay-color":"","overlay-opacity":"","overlay-gradient":""}},"footnotes":""},"class_list":["post-299","page","type-page","status-publish","hentry"],"aioseo_notices":[],"uagb_featured_image_src":{"full":false,"thumbnail":false,"medium":false,"medium_large":false,"large":false,"1536x1536":false,"2048x2048":false,"trp-custom-language-flag":false},"uagb_author_info":{"display_name":"wnr","author_link":"https:\/\/winnerzbets.com\/da\/author\/wnr\/"},"uagb_comment_info":0,"uagb_excerpt":"Contact Us Betwise Insight isn\u2019t just a website &#8211; it\u2019s a community of curious, informed, and game-loving players who want [&hellip;]","_links":{"self":[{"href":"https:\/\/winnerzbets.com\/da\/wp-json\/wp\/v2\/pages\/299","targetHints":{"allow":["GET"]}}],"collection":[{"href":"https:\/\/winnerzbets.com\/da\/wp-json\/wp\/v2\/pages"}],"about":[{"href":"https:\/\/winnerzbets.com\/da\/wp-json\/wp\/v2\/types\/page"}],"author":[{"embeddable":true,"href":"https:\/\/winnerzbets.com\/da\/wp-json\/wp\/v2\/users\/2"}],"replies":[{"embeddable":true,"href":"https:\/\/winnerzbets.com\/da\/wp-json\/wp\/v2\/comments?post=299"}],"version-history":[{"count":2,"href":"https:\/\/winnerzbets.com\/da\/wp-json\/wp\/v2\/pages\/299\/revisions"}],"predecessor-version":[{"id":308,"href":"https:\/\/winnerzbets.com\/da\/wp-json\/wp\/v2\/pages\/299\/revisions\/308"}],"wp:attachment":[{"href":"https:\/\/winnerzbets.com\/da\/wp-json\/wp\/v2\/media?parent=299"}],"curies":[{"name":"wp","href":"https:\/\/api.w.org\/{rel}","templated":true}]}}